{"id":770,"date":"2018-04-16T08:30:07","date_gmt":"2018-04-16T06:30:07","guid":{"rendered":"http:\/\/via-vitis.de\/hp18cms\/cms2018\/dorfleben\/soziales-und-gesundheit\/senioren\/"},"modified":"2018-04-30T18:27:54","modified_gmt":"2018-04-30T16:27:54","slug":"senioren","status":"publish","type":"page","link":"http:\/\/via-vitis.de\/hp18cms\/dorfleben\/soziales-und-gesundheit\/senioren\/","title":{"rendered":"Senioren"},"content":{"rendered":"<div id=\"menueInSeite\" class=\"menu-dorfleben-container hpMobilMenue \"><ul id=\"menu-dorfleben\" class=\"seitenNavi \"><li id=\"menu-item-1257\" class=\"menu-item menu-item-type-post_type menu-item-object-page menu-item-1257\"><a href=\"http:\/\/via-vitis.de\/hp18cms\/dorfleben\/aktuelles\/\">Dorfleben<\/a><\/li>\n<li id=\"menu-item-915\" class=\"menu-item menu-item-type-post_type menu-item-object-page menu-item-915\"><a href=\"http:\/\/via-vitis.de\/hp18cms\/dorfleben\/vereine\/\">Vereine<\/a><\/li>\n<li id=\"menu-item-918\" class=\"menu-item menu-item-type-post_type menu-item-object-page menu-item-918\"><a href=\"http:\/\/via-vitis.de\/hp18cms\/dorfleben\/soziales-und-gesundheit\/\">Soziales und Gesundheit<\/a><\/li>\n<li id=\"menu-item-916\" class=\"menu-item menu-item-type-post_type menu-item-object-page menu-item-916\"><a href=\"http:\/\/via-vitis.de\/hp18cms\/dorfleben\/bauen-und-wohnen\/\">Bauen und Wohnen<\/a><\/li>\n<li id=\"menu-item-917\" class=\"menu-item menu-item-type-post_type menu-item-object-page menu-item-917\"><a href=\"http:\/\/via-vitis.de\/hp18cms\/dorfleben\/dorferneuerung\/\">Dorferneuerung<\/a><\/li>\n<\/ul><\/div>\n<p>Das n\u00e4chste Seniorenheim ist in M\u00fcnstermaifeld.<\/p>\n<p><img loading=\"lazy\" decoding=\"async\" src=\"http:\/\/via-vitis.de\/hp18cms\/wp-content\/uploads\/2018\/04\/Senioren_640x290px.jpg\" alt=\"Seniorenzentrum St.Josef M\u00fcnstermaifeld\" width=\"640\" height=\"290\" class=\"alignnone size-full wp-image-794\" srcset=\"http:\/\/via-vitis.de\/hp18cms\/wp-content\/uploads\/2018\/04\/Senioren_640x290px.jpg 640w, http:\/\/via-vitis.de\/hp18cms\/wp-content\/uploads\/2018\/04\/Senioren_640x290px-300x136.jpg 300w, http:\/\/via-vitis.de\/hp18cms\/wp-content\/uploads\/2018\/04\/Senioren_640x290px-250x113.jpg 250w\" sizes=\"auto, (max-width: 640px) 100vw, 640px\" \/><\/p>\n<p>Seniorenzentrum St.Josef M\u00fcnstermaifeld<br \/>\nObertorstra\u00dfe 35<br \/>\n56294 M\u00fcnstermaifeld<br \/>\nTel.: <a href=\"tel:+49260598060\">+49 (0)2605 9806-0<\/a><br \/>\nFax: <a href=\"tel:+4926059806198\">+49 (0)2605 9806-198<\/a><\/p>\n<p>E-Mail: <a href=\"http:\/\/info.st-josef@bb-saffig.de\" rel=\"noopener\" target=\"_blank\">info.st-josef@bb-saffig.de<\/a><br \/>\nWeb: <a href=\"https:\/\/www.bb-saffig.de\/bbsaf\/leistungen-und-angebote\/seniorendienste\/seniorenzentrum-st-josef.php\" title=\"Link zu den barmherzigen Br\u00fcdern Saffig, \u00f6ffnet in neuem Fenster\" rel=\"noopener\" target=\"_blank\">www.bb-saffig.de\/bbsaf\/leistungen-und-angebote\/seniorendienste\/seniorenzentrum-st-josef.php<\/a><\/p>\n","protected":false},"excerpt":{"rendered":"<p>Das n\u00e4chste Seniorenheim ist in M\u00fcnstermaifeld. Seniorenzentrum St.Josef M\u00fcnstermaifeld Obertorstra\u00dfe 35 56294 M\u00fcnstermaifeld Tel.: +49 (0)2605 9806-0 Fax: +49 (0)2605 9806-198 E-Mail: info.st-josef@bb-saffig.de Web: www.bb-saffig.de\/bbsaf\/leistungen-und-angebote\/seniorendienste\/seniorenzentrum-st-josef.php<\/p>\n","protected":false},"author":1,"featured_media":0,"parent":404,"menu_order":8,"comment_status":"closed","ping_status":"closed","template":"","meta":{"footnotes":""},"class_list":["post-770","page","type-page","status-publish","hentry"],"publishpress_future_action":{"enabled":false,"date":"2026-05-12 15:39:06","action":"change-status","newStatus":"draft","terms":[],"taxonomy":"","extraData":[]},"publishpress_future_workflow_manual_trigger":{"enabledWorkflows":[]},"_links":{"self":[{"href":"http:\/\/via-vitis.de\/hp18cms\/wp-json\/wp\/v2\/pages\/770","targetHints":{"allow":["GET"]}}],"collection":[{"href":"http:\/\/via-vitis.de\/hp18cms\/wp-json\/wp\/v2\/pages"}],"about":[{"href":"http:\/\/via-vitis.de\/hp18cms\/wp-json\/wp\/v2\/types\/page"}],"author":[{"embeddable":true,"href":"http:\/\/via-vitis.de\/hp18cms\/wp-json\/wp\/v2\/users\/1"}],"replies":[{"embeddable":true,"href":"http:\/\/via-vitis.de\/hp18cms\/wp-json\/wp\/v2\/comments?post=770"}],"version-history":[{"count":5,"href":"http:\/\/via-vitis.de\/hp18cms\/wp-json\/wp\/v2\/pages\/770\/revisions"}],"predecessor-version":[{"id":1426,"href":"http:\/\/via-vitis.de\/hp18cms\/wp-json\/wp\/v2\/pages\/770\/revisions\/1426"}],"up":[{"embeddable":true,"href":"http:\/\/via-vitis.de\/hp18cms\/wp-json\/wp\/v2\/pages\/404"}],"wp:attachment":[{"href":"http:\/\/via-vitis.de\/hp18cms\/wp-json\/wp\/v2\/media?parent=770"}],"curies":[{"name":"wp","href":"https:\/\/api.w.org\/{rel}","templated":true}]}}